{"id":32,"date":"2016-10-23T10:17:58","date_gmt":"2016-10-23T10:17:58","guid":{"rendered":"http:\/\/great-value-group.eu\/?page_id=32"},"modified":"2017-01-30T18:41:40","modified_gmt":"2017-01-30T18:41:40","slug":"referenzen","status":"publish","type":"page","link":"https:\/\/great-value-group.com\/?page_id=32","title":{"rendered":"Referenzen"},"content":{"rendered":"<p><\/p>\n<h1 style=\"text-align: center;\"><span style=\"color: #808080;\">Referenzen<\/span><\/h1>\n<h2 style=\"text-align: center;\"><span style=\"color: #808080;\"><em>&#8222;Wir haben \u00fcber 20 Jahre Erfahrung in den Bereichen Neukundengewinnung sowie Kundenmanagement f\u00fcr gro\u00dfe und namhafte Unternehmen, aus zahlreichen Branchen wie Automobilindustrie, Banken\/Finanzdienstleistungen, E-Commerce, Fashionindustrie, FMCG, Handel, LEH, Tourismus und Verlage.&#8220;<\/em><\/span><\/h2>\n<p style=\"text-align: justify;\"><div  class=\"lgc-column lgc-grid-parent lgc-grid-50 lgc-tablet-grid-50 lgc-mobile-grid-100 lgc-equal-heights \"><div  class=\"inside-grid-column\">\n<p style=\"text-align: justify;\"><\/p><\/div><\/div>\n<p style=\"text-align: justify;\"><div  class=\"lgc-column lgc-grid-parent lgc-grid-50 lgc-tablet-grid-50 lgc-mobile-grid-100 lgc-equal-heights \"><div  class=\"inside-grid-column\">\n<p style=\"text-align: justify;\"><\/p><\/div><\/div>\n<p><\/p>","protected":false},"excerpt":{"rendered":"<p>Referenzen &#8222;Wir haben \u00fcber 20 Jahre Erfahrung in den Bereichen Neukundengewinnung sowie Kundenmanagement f\u00fcr gro\u00dfe und namhafte Unternehmen, aus zahlreichen Branchen wie Automobilindustrie, Banken\/Finanzdienstleistungen, E-Commerce, Fashionindustrie, FMCG, Handel, LEH, Tourismus und Verlage.&#8220;<\/p>\n","protected":false},"author":2,"featured_media":0,"parent":0,"menu_order":0,"comment_status":"closed","ping_status":"closed","template":"","meta":{"footnotes":""},"class_list":["post-32","page","type-page","status-publish"],"_links":{"self":[{"href":"https:\/\/great-value-group.com\/index.php?rest_route=\/wp\/v2\/pages\/32","targetHints":{"allow":["GET"]}}],"collection":[{"href":"https:\/\/great-value-group.com\/index.php?rest_route=\/wp\/v2\/pages"}],"about":[{"href":"https:\/\/great-value-group.com\/index.php?rest_route=\/wp\/v2\/types\/page"}],"author":[{"embeddable":true,"href":"https:\/\/great-value-group.com\/index.php?rest_route=\/wp\/v2\/users\/2"}],"replies":[{"embeddable":true,"href":"https:\/\/great-value-group.com\/index.php?rest_route=%2Fwp%2Fv2%2Fcomments&post=32"}],"version-history":[{"count":4,"href":"https:\/\/great-value-group.com\/index.php?rest_route=\/wp\/v2\/pages\/32\/revisions"}],"predecessor-version":[{"id":110,"href":"https:\/\/great-value-group.com\/index.php?rest_route=\/wp\/v2\/pages\/32\/revisions\/110"}],"wp:attachment":[{"href":"https:\/\/great-value-group.com\/index.php?rest_route=%2Fwp%2Fv2%2Fmedia&parent=32"}],"curies":[{"name":"wp","href":"https:\/\/api.w.org\/{rel}","templated":true}]}}